{"id":133,"date":"2013-11-16T14:00:19","date_gmt":"2013-11-16T14:00:19","guid":{"rendered":"http:\/\/mijucomponents.com\/w\/es\/?page_id=133"},"modified":"2013-11-23T12:15:45","modified_gmt":"2013-11-23T12:15:45","slug":"miju-s-a-espana","status":"publish","type":"page","link":"https:\/\/mijucomponents.com\/w\/es\/empresa\/miju-s-a-espana\/","title":{"rendered":"MIJU S.A. ESPA\u00d1A"},"content":{"rendered":"<p><img decoding=\"async\" loading=\"lazy\" class=\"size-medium wp-image-11 alignleft\" alt=\"602-2\" src=\"http:\/\/mijucomponents.com\/w\/es\/wp-content\/uploads\/sites\/2\/2013\/11\/602-2-300x224.jpg\" width=\"300\" height=\"224\" srcset=\"https:\/\/mijucomponents.com\/w\/es\/wp-content\/uploads\/sites\/2\/2013\/11\/602-2-300x224.jpg 300w, https:\/\/mijucomponents.com\/w\/es\/wp-content\/uploads\/sites\/2\/2013\/11\/602-2-1024x767.jpg 1024w, https:\/\/mijucomponents.com\/w\/es\/wp-content\/uploads\/sites\/2\/2013\/11\/602-2.jpg 1575w\" sizes=\"(max-width: 300px) 100vw, 300px\" \/><\/p>\n<p>Nuestra planta productiva de <strong>MIJU S.A.<\/strong> , est\u00e1 situada en Zaragoza, cuenta con instalaciones para la fabricaci\u00f3n de mezclas de caucho, fabricaci\u00f3n de moldes, y sistemas para la producci\u00f3n de piezas moldeadas,\u00a0por inyecci\u00f3n, transferencia o compresi\u00f3n, usando los sistemas m\u00e1s avanzados de\u00a0control. Contamos as\u00ed mismo con sistemas de acabado autom\u00e1tico, y de verificaci\u00f3n\u00a0mediante c\u00e1maras de visi\u00f3n artificial.<\/p>\n<p>Estamos especializados en la fabricaci\u00f3n de piezas caucho, caucho-metal, caucho-tejido, caucho-pl\u00e1stico, termopl\u00e1stico y pl\u00e1sticos por diferentes sistemas como son la compresi\u00f3n, transferencia, inyecci\u00f3n e inyecci\u00f3n con placas fr\u00edas o calientes.<\/p>\n<p><a href=\"http:\/\/mijucomponents.com\/w\/es\/wp-content\/uploads\/sites\/2\/2013\/11\/almacen2.jpg\" class=\"grouped_elements\" rel=\"tc-fancybox-group133\" title=\"MIJU S.A. ESPA\u00d1A\"><img decoding=\"async\" loading=\"lazy\" class=\"size-thumbnail wp-image-199 alignnone\" alt=\"almacen2\" src=\"http:\/\/mijucomponents.com\/w\/es\/wp-content\/uploads\/sites\/2\/2013\/11\/almacen2-150x150.jpg\" width=\"150\" height=\"150\" \/><\/a> <a href=\"http:\/\/mijucomponents.com\/w\/es\/wp-content\/uploads\/sites\/2\/2013\/11\/nave_up3.jpg\" class=\"grouped_elements\" rel=\"tc-fancybox-group133\" title=\"MIJU S.A. ESPA\u00d1A\"><img decoding=\"async\" loading=\"lazy\" class=\"alignnone size-thumbnail wp-image-200\" alt=\"nave_up3\" src=\"http:\/\/mijucomponents.com\/w\/es\/wp-content\/uploads\/sites\/2\/2013\/11\/nave_up3-150x150.jpg\" width=\"150\" height=\"150\" \/><\/a> <a href=\"http:\/\/mijucomponents.com\/w\/es\/wp-content\/uploads\/sites\/2\/2013\/11\/enguell_plastico.jpg\" class=\"grouped_elements\" rel=\"tc-fancybox-group133\" title=\"MIJU S.A. ESPA\u00d1A\"><img decoding=\"async\" loading=\"lazy\" class=\"alignnone size-thumbnail wp-image-201\" alt=\"enguell_plastico\" src=\"http:\/\/mijucomponents.com\/w\/es\/wp-content\/uploads\/sites\/2\/2013\/11\/enguell_plastico-150x150.jpg\" width=\"150\" height=\"150\" \/><\/a> <a href=\"http:\/\/mijucomponents.com\/w\/es\/wp-content\/uploads\/sites\/2\/2013\/11\/plastico_mando_mir1.jpg\" class=\"grouped_elements\" rel=\"tc-fancybox-group133\" title=\"MIJU S.A. ESPA\u00d1A\"><img decoding=\"async\" loading=\"lazy\" class=\"alignnone size-thumbnail wp-image-203\" alt=\"plastico_mando_mir\" src=\"http:\/\/mijucomponents.com\/w\/es\/wp-content\/uploads\/sites\/2\/2013\/11\/plastico_mando_mir1-150x150.jpg\" width=\"150\" height=\"150\" \/><\/a> <a href=\"http:\/\/mijucomponents.com\/w\/es\/wp-content\/uploads\/sites\/2\/2013\/11\/nave_up.jpg\" class=\"grouped_elements\" rel=\"tc-fancybox-group133\" title=\"MIJU S.A. ESPA\u00d1A\"><img decoding=\"async\" loading=\"lazy\" class=\"alignnone size-thumbnail wp-image-204\" alt=\"nave_up\" src=\"http:\/\/mijucomponents.com\/w\/es\/wp-content\/uploads\/sites\/2\/2013\/11\/nave_up-150x150.jpg\" width=\"150\" height=\"150\" \/><\/a><\/p>\n","protected":false},"excerpt":{"rendered":"<p>Nuestra planta productiva de MIJU S.A. , est\u00e1 situada en Zaragoza, cuenta con instalaciones para la fabricaci\u00f3n de mezclas de caucho, fabricaci\u00f3n de moldes, y sistemas para la producci\u00f3n de piezas moldeadas,\u00a0por inyecci\u00f3n, transferencia o compresi\u00f3n, usando los sistemas m\u00e1s avanzados de\u00a0control. Contamos as\u00ed mismo con sistemas de acabado autom\u00e1tico, y de verificaci\u00f3n\u00a0mediante c\u00e1maras de [&hellip;]<\/p>\n","protected":false},"author":1,"featured_media":0,"parent":6,"menu_order":0,"comment_status":"open","ping_status":"open","template":"","meta":[],"_links":{"self":[{"href":"https:\/\/mijucomponents.com\/w\/es\/wp-json\/wp\/v2\/pages\/133"}],"collection":[{"href":"https:\/\/mijucomponents.com\/w\/es\/wp-json\/wp\/v2\/pages"}],"about":[{"href":"https:\/\/mijucomponents.com\/w\/es\/wp-json\/wp\/v2\/types\/page"}],"author":[{"embeddable":true,"href":"https:\/\/mijucomponents.com\/w\/es\/wp-json\/wp\/v2\/users\/1"}],"replies":[{"embeddable":true,"href":"https:\/\/mijucomponents.com\/w\/es\/wp-json\/wp\/v2\/comments?post=133"}],"version-history":[{"count":26,"href":"https:\/\/mijucomponents.com\/w\/es\/wp-json\/wp\/v2\/pages\/133\/revisions"}],"predecessor-version":[{"id":146,"href":"https:\/\/mijucomponents.com\/w\/es\/wp-json\/wp\/v2\/pages\/133\/revisions\/146"}],"up":[{"embeddable":true,"href":"https:\/\/mijucomponents.com\/w\/es\/wp-json\/wp\/v2\/pages\/6"}],"wp:attachment":[{"href":"https:\/\/mijucomponents.com\/w\/es\/wp-json\/wp\/v2\/media?parent=133"}],"curies":[{"name":"wp","href":"https:\/\/api.w.org\/{rel}","templated":true}]}}